{"id":561,"date":"2021-06-22T10:37:57","date_gmt":"2021-06-22T17:37:57","guid":{"rendered":"https:\/\/technotink.net\/treasure\/?post_type=product&#038;p=561"},"modified":"2021-06-22T10:38:00","modified_gmt":"2021-06-22T17:38:00","slug":"apple-slices","status":"publish","type":"product","link":"https:\/\/technotink.net\/treasure\/product\/apple-slices\/","title":{"rendered":"Apple Slices, dehydrated &#8211; 1 ounce"},"content":{"rendered":"<section class=\"wrapper-hero\">\n<div class=\"hero\">\n<h3>Apple Slices, mixed variety &#8211; dehydrated, 1 ounce<\/h3>\n<p>Apple is also known as Apple Tree, Malus malus, Mela, Melo, Ping Guo, Pomme, Eve, Abilde, \u00c4ppel, Apfelbaum, Jablon Dom\u00e1ca, Ma\u00e7anzeira, Malus domestic, Pyrus malus, Ringo, Pomo, Apfel, \u00c4ppeltr\u00e4d, Eble, and forbidden fruit.&nbsp;<\/p>\n<p>Within folklore, Apple was not only a popular fruit to eat, addition to many dishes and desserts, but medicine for controlling diarrhea, constipation, softening, passage, collection of gallstones, to prevent cancer, diabetes, dysentery, fever, heart problems, warts, scurvy, and for teeth cleaning. Some other folk applications claim used for small intestines ulcers, hay fever, hair loss, cancer, diabetes, diarrhea, swelling of the small intestine, lung cancer, mercury toxicity, weight loss, metabolic syndrome, fever, heart issues, warts, and other conditions.&nbsp; An apple a day keeps the doctor away. There is no scientific evidence however to these folk beliefs. The FDA states apples are likely safe for consumption with no known side effects with fruit or juice. The seeds do contain cyanide and are poisonous. Caution to be expressed with diabetics as apples, most importantly its juice can increase blood sugar levels.&nbsp;&nbsp;<\/p>\n<p>These apple slices are sourced from Washington State, USA.<\/p>\n<\/div>\n<\/section>\n","protected":false},"excerpt":{"rendered":"<p>One ounce of dehydrated apple slices, mixed variety &#8211; great for snacks, cooking, potpourri, and folk beliefs.<\/p>\n","protected":false},"featured_media":568,"comment_status":"open","ping_status":"open","template":"","meta":{"ngg_post_thumbnail":0},"product_brand":[],"product_cat":[676],"product_tag":[677,678,680,679],"class_list":{"0":"post-561","1":"product","2":"type-product","3":"status-publish","4":"has-post-thumbnail","6":"product_cat-fruit","7":"product_tag-apple","8":"product_tag-apples","9":"product_tag-dehydrated-fruit","10":"product_tag-dried-fruit","12":"first","13":"instock","14":"taxable","15":"shipping-taxable","16":"purchasable","17":"product-type-simple"},"yoast_head":"<!-- This site is optimized with the Yoast SEO plugin v27.5 - https:\/\/yoast.com\/product\/yoast-seo-wordpress\/ -->\n<title>Apple Slices, dehydrated - 1 ounce - Techno Tink Treasures<\/title>\n<meta name=\"description\" content=\"One ounce of dehydrated apple slices, mixed variety - great for snacks, cooking, potpourri, and folk beliefs.\" \/>\n<meta name=\"robots\" content=\"index, follow, max-snippet:-1, max-image-preview:large, max-video-preview:-1\" \/>\n<link rel=\"canonical\" href=\"https:\/\/technotink.net\/treasure\/product\/apple-slices\/\" \/>\n<meta property=\"og:locale\" content=\"en_US\" \/>\n<meta property=\"og:type\" content=\"article\" \/>\n<meta property=\"og:title\" content=\"Apple Slices, dehydrated - 1 ounce - Techno Tink Treasures\" \/>\n<meta property=\"og:description\" content=\"One ounce of dehydrated apple slices, mixed variety - great for snacks, cooking, potpourri, and folk beliefs.\" \/>\n<meta property=\"og:url\" content=\"https:\/\/technotink.net\/treasure\/product\/apple-slices\/\" \/>\n<meta property=\"og:site_name\" content=\"Techno Tink Treasures\" \/>\n<meta property=\"article:modified_time\" content=\"2021-06-22T17:38:00+00:00\" \/>\n<meta property=\"og:image\" content=\"https:\/\/i1.wp.com\/technotink.net\/treasure\/wp-content\/uploads\/2021\/06\/TTT-APPLESLICE-0002.jpg?fit=800%2C1067&ssl=1\" \/>\n\t<meta property=\"og:image:width\" content=\"800\" \/>\n\t<meta property=\"og:image:height\" content=\"1067\" \/>\n\t<meta property=\"og:image:type\" content=\"image\/jpeg\" \/>\n<meta name=\"twitter:card\" content=\"summary_large_image\" \/>\n<meta name=\"twitter:label1\" content=\"Est. reading time\" \/>\n\t<meta name=\"twitter:data1\" content=\"1 minute\" \/>\n<script type=\"application\/ld+json\" class=\"yoast-schema-graph\">{\"@context\":\"https:\\\/\\\/schema.org\",\"@graph\":[{\"@type\":\"WebPage\",\"@id\":\"https:\\\/\\\/technotink.net\\\/treasure\\\/product\\\/apple-slices\\\/\",\"url\":\"https:\\\/\\\/technotink.net\\\/treasure\\\/product\\\/apple-slices\\\/\",\"name\":\"Apple Slices, dehydrated - 1 ounce - Techno Tink Treasures\",\"isPartOf\":{\"@id\":\"https:\\\/\\\/technotink.net\\\/treasure\\\/#website\"},\"primaryImageOfPage\":{\"@id\":\"https:\\\/\\\/technotink.net\\\/treasure\\\/product\\\/apple-slices\\\/#primaryimage\"},\"image\":{\"@id\":\"https:\\\/\\\/technotink.net\\\/treasure\\\/product\\\/apple-slices\\\/#primaryimage\"},\"thumbnailUrl\":\"https:\\\/\\\/i0.wp.com\\\/technotink.net\\\/treasure\\\/wp-content\\\/uploads\\\/2021\\\/06\\\/TTT-APPLESLICE-0002.jpg?fit=800%2C1067&ssl=1\",\"datePublished\":\"2021-06-22T17:37:57+00:00\",\"dateModified\":\"2021-06-22T17:38:00+00:00\",\"description\":\"One ounce of dehydrated apple slices, mixed variety - great for snacks, cooking, potpourri, and folk beliefs.\",\"breadcrumb\":{\"@id\":\"https:\\\/\\\/technotink.net\\\/treasure\\\/product\\\/apple-slices\\\/#breadcrumb\"},\"inLanguage\":\"en-US\",\"potentialAction\":[{\"@type\":\"ReadAction\",\"target\":[\"https:\\\/\\\/technotink.net\\\/treasure\\\/product\\\/apple-slices\\\/\"]}]},{\"@type\":\"ImageObject\",\"inLanguage\":\"en-US\",\"@id\":\"https:\\\/\\\/technotink.net\\\/treasure\\\/product\\\/apple-slices\\\/#primaryimage\",\"url\":\"https:\\\/\\\/i0.wp.com\\\/technotink.net\\\/treasure\\\/wp-content\\\/uploads\\\/2021\\\/06\\\/TTT-APPLESLICE-0002.jpg?fit=800%2C1067&ssl=1\",\"contentUrl\":\"https:\\\/\\\/i0.wp.com\\\/technotink.net\\\/treasure\\\/wp-content\\\/uploads\\\/2021\\\/06\\\/TTT-APPLESLICE-0002.jpg?fit=800%2C1067&ssl=1\",\"width\":800,\"height\":1067,\"caption\":\"Apple: Dehyrdrated apple slices, 1 ounce. Assorted varieties. sourced from Washington State, USA. Commonly used for food, snacks, desserts, cuisine. Folklore claims medicinal use for controlling diarrhea, constipation, softening, passage, cancer, diabetes, mercury toxicity, weight loss,fever, warts, and teeth cleaning. There is no scientific data to back the folkloric belief. You can purchase these apple slices from Techno Tink Treasures at http:\\\/\\\/www.technotink.net\\\/treasure\\\/product\\\/apple-slices\\\/ : photos by Thomas Baurley, Leaf McGowan, Oisin Rhymour at Techno Tink Photography www.technotink.net\\\/photography\\\/\"},{\"@type\":\"BreadcrumbList\",\"@id\":\"https:\\\/\\\/technotink.net\\\/treasure\\\/product\\\/apple-slices\\\/#breadcrumb\",\"itemListElement\":[{\"@type\":\"ListItem\",\"position\":1,\"name\":\"Home\",\"item\":\"https:\\\/\\\/technotink.net\\\/treasure\\\/\"},{\"@type\":\"ListItem\",\"position\":2,\"name\":\"Apple Slices, dehydrated &#8211; 1 ounce\"}]},{\"@type\":\"WebSite\",\"@id\":\"https:\\\/\\\/technotink.net\\\/treasure\\\/#website\",\"url\":\"https:\\\/\\\/technotink.net\\\/treasure\\\/\",\"name\":\"Techno Tink Treasures\",\"description\":\"A collection of hand crafts, gifts, &amp; found treasures\",\"potentialAction\":[{\"@type\":\"SearchAction\",\"target\":{\"@type\":\"EntryPoint\",\"urlTemplate\":\"https:\\\/\\\/technotink.net\\\/treasure\\\/?s={search_term_string}\"},\"query-input\":{\"@type\":\"PropertyValueSpecification\",\"valueRequired\":true,\"valueName\":\"search_term_string\"}}],\"inLanguage\":\"en-US\"}]}<\/script>\n<!-- \/ Yoast SEO plugin. -->","yoast_head_json":{"title":"Apple Slices, dehydrated - 1 ounce - Techno Tink Treasures","description":"One ounce of dehydrated apple slices, mixed variety - great for snacks, cooking, potpourri, and folk beliefs.","robots":{"index":"index","follow":"follow","max-snippet":"max-snippet:-1","max-image-preview":"max-image-preview:large","max-video-preview":"max-video-preview:-1"},"canonical":"https:\/\/technotink.net\/treasure\/product\/apple-slices\/","og_locale":"en_US","og_type":"article","og_title":"Apple Slices, dehydrated - 1 ounce - Techno Tink Treasures","og_description":"One ounce of dehydrated apple slices, mixed variety - great for snacks, cooking, potpourri, and folk beliefs.","og_url":"https:\/\/technotink.net\/treasure\/product\/apple-slices\/","og_site_name":"Techno Tink Treasures","article_modified_time":"2021-06-22T17:38:00+00:00","og_image":[{"width":800,"height":1067,"url":"https:\/\/i1.wp.com\/technotink.net\/treasure\/wp-content\/uploads\/2021\/06\/TTT-APPLESLICE-0002.jpg?fit=800%2C1067&ssl=1","type":"image\/jpeg"}],"twitter_card":"summary_large_image","twitter_misc":{"Est. reading time":"1 minute"},"schema":{"@context":"https:\/\/schema.org","@graph":[{"@type":"WebPage","@id":"https:\/\/technotink.net\/treasure\/product\/apple-slices\/","url":"https:\/\/technotink.net\/treasure\/product\/apple-slices\/","name":"Apple Slices, dehydrated - 1 ounce - Techno Tink Treasures","isPartOf":{"@id":"https:\/\/technotink.net\/treasure\/#website"},"primaryImageOfPage":{"@id":"https:\/\/technotink.net\/treasure\/product\/apple-slices\/#primaryimage"},"image":{"@id":"https:\/\/technotink.net\/treasure\/product\/apple-slices\/#primaryimage"},"thumbnailUrl":"https:\/\/i0.wp.com\/technotink.net\/treasure\/wp-content\/uploads\/2021\/06\/TTT-APPLESLICE-0002.jpg?fit=800%2C1067&ssl=1","datePublished":"2021-06-22T17:37:57+00:00","dateModified":"2021-06-22T17:38:00+00:00","description":"One ounce of dehydrated apple slices, mixed variety - great for snacks, cooking, potpourri, and folk beliefs.","breadcrumb":{"@id":"https:\/\/technotink.net\/treasure\/product\/apple-slices\/#breadcrumb"},"inLanguage":"en-US","potentialAction":[{"@type":"ReadAction","target":["https:\/\/technotink.net\/treasure\/product\/apple-slices\/"]}]},{"@type":"ImageObject","inLanguage":"en-US","@id":"https:\/\/technotink.net\/treasure\/product\/apple-slices\/#primaryimage","url":"https:\/\/i0.wp.com\/technotink.net\/treasure\/wp-content\/uploads\/2021\/06\/TTT-APPLESLICE-0002.jpg?fit=800%2C1067&ssl=1","contentUrl":"https:\/\/i0.wp.com\/technotink.net\/treasure\/wp-content\/uploads\/2021\/06\/TTT-APPLESLICE-0002.jpg?fit=800%2C1067&ssl=1","width":800,"height":1067,"caption":"Apple: Dehyrdrated apple slices, 1 ounce. Assorted varieties. sourced from Washington State, USA. Commonly used for food, snacks, desserts, cuisine. Folklore claims medicinal use for controlling diarrhea, constipation, softening, passage, cancer, diabetes, mercury toxicity, weight loss,fever, warts, and teeth cleaning. There is no scientific data to back the folkloric belief. You can purchase these apple slices from Techno Tink Treasures at http:\/\/www.technotink.net\/treasure\/product\/apple-slices\/ : photos by Thomas Baurley, Leaf McGowan, Oisin Rhymour at Techno Tink Photography www.technotink.net\/photography\/"},{"@type":"BreadcrumbList","@id":"https:\/\/technotink.net\/treasure\/product\/apple-slices\/#breadcrumb","itemListElement":[{"@type":"ListItem","position":1,"name":"Home","item":"https:\/\/technotink.net\/treasure\/"},{"@type":"ListItem","position":2,"name":"Apple Slices, dehydrated &#8211; 1 ounce"}]},{"@type":"WebSite","@id":"https:\/\/technotink.net\/treasure\/#website","url":"https:\/\/technotink.net\/treasure\/","name":"Techno Tink Treasures","description":"A collection of hand crafts, gifts, &amp; found treasures","potentialAction":[{"@type":"SearchAction","target":{"@type":"EntryPoint","urlTemplate":"https:\/\/technotink.net\/treasure\/?s={search_term_string}"},"query-input":{"@type":"PropertyValueSpecification","valueRequired":true,"valueName":"search_term_string"}}],"inLanguage":"en-US"}]}},"jetpack_sharing_enabled":true,"_links":{"self":[{"href":"https:\/\/technotink.net\/treasure\/wp-json\/wp\/v2\/product\/561","targetHints":{"allow":["GET"]}}],"collection":[{"href":"https:\/\/technotink.net\/treasure\/wp-json\/wp\/v2\/product"}],"about":[{"href":"https:\/\/technotink.net\/treasure\/wp-json\/wp\/v2\/types\/product"}],"replies":[{"embeddable":true,"href":"https:\/\/technotink.net\/treasure\/wp-json\/wp\/v2\/comments?post=561"}],"wp:featuredmedia":[{"embeddable":true,"href":"https:\/\/technotink.net\/treasure\/wp-json\/wp\/v2\/media\/568"}],"wp:attachment":[{"href":"https:\/\/technotink.net\/treasure\/wp-json\/wp\/v2\/media?parent=561"}],"wp:term":[{"taxonomy":"product_brand","embeddable":true,"href":"https:\/\/technotink.net\/treasure\/wp-json\/wp\/v2\/product_brand?post=561"},{"taxonomy":"product_cat","embeddable":true,"href":"https:\/\/technotink.net\/treasure\/wp-json\/wp\/v2\/product_cat?post=561"},{"taxonomy":"product_tag","embeddable":true,"href":"https:\/\/technotink.net\/treasure\/wp-json\/wp\/v2\/product_tag?post=561"}],"curies":[{"name":"wp","href":"https:\/\/api.w.org\/{rel}","templated":true}]}}